{"id":1137,"date":"2026-04-08T15:21:37","date_gmt":"2026-04-08T15:21:37","guid":{"rendered":"https:\/\/louisegleambeauty.com\/produto\/hydrating-makeup-primer\/"},"modified":"2026-04-10T17:24:09","modified_gmt":"2026-04-10T17:24:09","slug":"hydrating-makeup-primer","status":"publish","type":"product","link":"https:\/\/louisegleambeauty.com\/en\/product\/hydrating-makeup-primer\/","title":{"rendered":"Hydrating Makeup Primer"},"content":{"rendered":"<h4>Prepara a tua pele para uma maquilhagem impec\u00e1vel com o Hydrating Makeup Primer hidratante que suaviza, hidrata e prolonga a dura\u00e7\u00e3o da makeup.<\/h4>\n<p>A sua f\u00f3rmula leve cria uma base uniforme, minimiza a apar\u00eancia dos poros e deixa a pele com um acabamento naturalmente radiante.<\/p>\n<p>\ud83d\udca7Hidrata\u00e7\u00e3o intensa sem pesar na pele<br \/>\n\ud83c\udf43Suaviza textura e linhas finas<br \/>\n\ud83e\ude84Minimiza a apar\u00eancia dos poros<br \/>\n\u23f3Prolonga a dura\u00e7\u00e3o da maquilhagem<br \/>\n\u2728Deixa um acabamento glow natural<\/p>\n<p>Ideal para todos os tipos de pele, especialmente pele seca ou sem vi\u00e7o.<\/p>\n<p>Peso l\u00edquido: 25ml<\/p>\n<p>Modo de utiliza\u00e7\u00e3o: Com a pele limpa e seca aplique o produto antes da maquilhagem e deixe repousar durante um tempo garantindo que o produto seja bem absorvido, ativando a ader\u00eancia<br \/>\nDica: Para evitar a forma\u00e7\u00e3o de grumos, deixe os produtos de cuidados da pele e o protetor solar serem totalmente absorvidos antes da aplica\u00e7\u00e3o do primer.<\/p>\n<p>&nbsp;<\/p>\n<p>&nbsp;<\/p>","protected":false},"excerpt":{"rendered":"<p>Makeup primer para uma base perfeita &amp; Glow Duradouro<\/p>","protected":false},"featured_media":1130,"comment_status":"open","ping_status":"closed","template":"","meta":[],"product_brand":[],"product_cat":[41],"product_tag":[],"class_list":{"0":"post-1137","1":"product","2":"type-product","3":"status-publish","4":"has-post-thumbnail","6":"product_cat-skin-care","8":"first","9":"instock","10":"shipping-taxable","11":"purchasable","12":"product-type-simple"},"_links":{"self":[{"href":"https:\/\/louisegleambeauty.com\/en\/wp-json\/wp\/v2\/product\/1137","targetHints":{"allow":["GET"]}}],"collection":[{"href":"https:\/\/louisegleambeauty.com\/en\/wp-json\/wp\/v2\/product"}],"about":[{"href":"https:\/\/louisegleambeauty.com\/en\/wp-json\/wp\/v2\/types\/product"}],"replies":[{"embeddable":true,"href":"https:\/\/louisegleambeauty.com\/en\/wp-json\/wp\/v2\/comments?post=1137"}],"wp:featuredmedia":[{"embeddable":true,"href":"https:\/\/louisegleambeauty.com\/en\/wp-json\/wp\/v2\/media\/1130"}],"wp:attachment":[{"href":"https:\/\/louisegleambeauty.com\/en\/wp-json\/wp\/v2\/media?parent=1137"}],"wp:term":[{"taxonomy":"product_brand","embeddable":true,"href":"https:\/\/louisegleambeauty.com\/en\/wp-json\/wp\/v2\/product_brand?post=1137"},{"taxonomy":"product_cat","embeddable":true,"href":"https:\/\/louisegleambeauty.com\/en\/wp-json\/wp\/v2\/product_cat?post=1137"},{"taxonomy":"product_tag","embeddable":true,"href":"https:\/\/louisegleambeauty.com\/en\/wp-json\/wp\/v2\/product_tag?post=1137"}],"curies":[{"name":"wp","href":"https:\/\/api.w.org\/{rel}","templated":true}]}}