{"id":1123,"date":"2026-04-08T15:19:28","date_gmt":"2026-04-08T15:19:28","guid":{"rendered":"https:\/\/louisegleambeauty.com\/produto\/body-shimmer-oil\/"},"modified":"2026-04-10T17:06:18","modified_gmt":"2026-04-10T17:06:18","slug":"body-shimmer-oil","status":"publish","type":"product","link":"https:\/\/louisegleambeauty.com\/en\/product\/body-shimmer-oil\/","title":{"rendered":"Body Shimmer Oil"},"content":{"rendered":"<h4>O body shimmer oil que envolve o corpo com hidrata\u00e7\u00e3o e um brilho delicado, criando um efeito luminoso irresist\u00edvel e sofisticado.<\/h4>\n<p>\ud83d\udca7Hidrata\u00e7\u00e3o profunda<br \/>\n\u2728Glow natural e uniforme<br \/>\n\ud83c\udf43Textura leve e n\u00e3o pegajosa<br \/>\n\u2600\ufe0fReal\u00e7a o bronzeado<\/p>\n<p>Peso l\u00edquido: 25 ml<\/p>\n<p>Caracter\u00edsticas: leve, sedoso, cintilante<\/p>\n<p>Modo de utiliza\u00e7\u00e3o: Aplicar sobre a pele limpa e seca.<\/p>","protected":false},"excerpt":{"rendered":"<p>O Body Shimmer que ilumina sua pele, realce a sua ess\u00eancia.<\/p>","protected":false},"featured_media":1117,"comment_status":"open","ping_status":"closed","template":"","meta":[],"product_brand":[],"product_cat":[18],"product_tag":[],"class_list":{"0":"post-1123","1":"product","2":"type-product","3":"status-publish","4":"has-post-thumbnail","6":"product_cat-body","8":"first","9":"instock","10":"shipping-taxable","11":"purchasable","12":"product-type-variable"},"_links":{"self":[{"href":"https:\/\/louisegleambeauty.com\/en\/wp-json\/wp\/v2\/product\/1123","targetHints":{"allow":["GET"]}}],"collection":[{"href":"https:\/\/louisegleambeauty.com\/en\/wp-json\/wp\/v2\/product"}],"about":[{"href":"https:\/\/louisegleambeauty.com\/en\/wp-json\/wp\/v2\/types\/product"}],"replies":[{"embeddable":true,"href":"https:\/\/louisegleambeauty.com\/en\/wp-json\/wp\/v2\/comments?post=1123"}],"wp:featuredmedia":[{"embeddable":true,"href":"https:\/\/louisegleambeauty.com\/en\/wp-json\/wp\/v2\/media\/1117"}],"wp:attachment":[{"href":"https:\/\/louisegleambeauty.com\/en\/wp-json\/wp\/v2\/media?parent=1123"}],"wp:term":[{"taxonomy":"product_brand","embeddable":true,"href":"https:\/\/louisegleambeauty.com\/en\/wp-json\/wp\/v2\/product_brand?post=1123"},{"taxonomy":"product_cat","embeddable":true,"href":"https:\/\/louisegleambeauty.com\/en\/wp-json\/wp\/v2\/product_cat?post=1123"},{"taxonomy":"product_tag","embeddable":true,"href":"https:\/\/louisegleambeauty.com\/en\/wp-json\/wp\/v2\/product_tag?post=1123"}],"curies":[{"name":"wp","href":"https:\/\/api.w.org\/{rel}","templated":true}]}}