{"id":1108,"date":"2026-04-08T15:17:25","date_gmt":"2026-04-08T15:17:25","guid":{"rendered":"https:\/\/louisegleambeauty.com\/produto\/color-eyeshadow-palette\/"},"modified":"2026-04-10T16:40:22","modified_gmt":"2026-04-10T16:40:22","slug":"color-eyeshadow-palette","status":"publish","type":"product","link":"https:\/\/louisegleambeauty.com\/en\/product\/color-eyeshadow-palette\/","title":{"rendered":"Coloured Eyeshadow Palette"},"content":{"rendered":"<h4>Liberta a tua criatividade com cores que fazem a diferen\u00e7a.<\/h4>\n<p>A Color Eyeshadow Palette re\u00fane tons intensos e vers\u00e1teis, perfeitos para criar desde looks suaves e elegantes at\u00e9 maquilhagens ousadas e cheias de personalidade.<\/p>\n<p>Com uma combina\u00e7\u00e3o de acabamentos matte, shimmer e brilhantes, as sombras t\u00eam alta pigmenta\u00e7\u00e3o e textura f\u00e1cil de esfumar, permitindo transi\u00e7\u00f5es perfeitas e um resultado profissional.<\/p>\n<p>\ud83c\udfa8 Cores vibrantes e vers\u00e1teis<br \/>\n\u2728 Mix de acabamentos (matte, shimmer e glow)<br \/>\n\ud83d\udc8b Alta pigmenta\u00e7\u00e3o<br \/>\n\ud83d\udca8 F\u00e1cil de esfumar e construir<br \/>\n\u23f3 Longa dura\u00e7\u00e3o<\/p>\n<p>Perfeita para qualquer ocasi\u00e3o \u2014 do dia a dia ao look glam de festa.<\/p>\n<p>Peso l\u00edquido: 15g<\/p>\n<p>Modo de uso: Para aplicar a sombra, utilize um pincel plano para depositar a cor, real\u00e7ar ou fixar a sombra na p\u00e1lpebra.<\/p>\n<p>Dicas:<\/p>\n<ul>\n<li>Utilize um pincel com ponta fofa para esfumar e misturar a sombra.<\/li>\n<li>Para um resultado de cor mais intenso, combine tons met\u00e1licos com um spray fixador.<\/li>\n<li>Utilize as sombras mate e met\u00e1licas como tons de realce.<\/li>\n<li>Use as sombras mate neutras quentes para contornar e definir, e as sombras met\u00e1licas quentes e frias como tons de destaque.<\/li>\n<\/ul>","protected":false},"excerpt":{"rendered":"<p>Complete e o seu look com a Color Eyeshadow Palette.<\/p>","protected":false},"featured_media":1103,"comment_status":"open","ping_status":"closed","template":"","meta":[],"product_brand":[],"product_cat":[148],"product_tag":[],"class_list":{"0":"post-1108","1":"product","2":"type-product","3":"status-publish","4":"has-post-thumbnail","6":"product_cat-eyes","8":"first","9":"instock","10":"shipping-taxable","11":"purchasable","12":"product-type-variable"},"_links":{"self":[{"href":"https:\/\/louisegleambeauty.com\/en\/wp-json\/wp\/v2\/product\/1108","targetHints":{"allow":["GET"]}}],"collection":[{"href":"https:\/\/louisegleambeauty.com\/en\/wp-json\/wp\/v2\/product"}],"about":[{"href":"https:\/\/louisegleambeauty.com\/en\/wp-json\/wp\/v2\/types\/product"}],"replies":[{"embeddable":true,"href":"https:\/\/louisegleambeauty.com\/en\/wp-json\/wp\/v2\/comments?post=1108"}],"wp:featuredmedia":[{"embeddable":true,"href":"https:\/\/louisegleambeauty.com\/en\/wp-json\/wp\/v2\/media\/1103"}],"wp:attachment":[{"href":"https:\/\/louisegleambeauty.com\/en\/wp-json\/wp\/v2\/media?parent=1108"}],"wp:term":[{"taxonomy":"product_brand","embeddable":true,"href":"https:\/\/louisegleambeauty.com\/en\/wp-json\/wp\/v2\/product_brand?post=1108"},{"taxonomy":"product_cat","embeddable":true,"href":"https:\/\/louisegleambeauty.com\/en\/wp-json\/wp\/v2\/product_cat?post=1108"},{"taxonomy":"product_tag","embeddable":true,"href":"https:\/\/louisegleambeauty.com\/en\/wp-json\/wp\/v2\/product_tag?post=1108"}],"curies":[{"name":"wp","href":"https:\/\/api.w.org\/{rel}","templated":true}]}}