{"id":1066,"date":"2026-04-08T15:06:57","date_gmt":"2026-04-08T15:06:57","guid":{"rendered":"https:\/\/louisegleambeauty.com\/produto\/mashed-eyeshadow\/"},"modified":"2026-04-10T16:06:26","modified_gmt":"2026-04-10T16:06:26","slug":"mashed-eyeshadow","status":"publish","type":"product","link":"https:\/\/louisegleambeauty.com\/en\/product\/mashed-eyeshadow\/","title":{"rendered":"Eye shadow powder"},"content":{"rendered":"<h4>A nossa Powder Eyeshadow oferece uma textura fina e leve que desliza facilmente sobre a p\u00e1lpebra, garantindo uma aplica\u00e7\u00e3o uniforme.<\/h4>\n<p>Altamente pigmentada e f\u00e1cil de esfumar, cores que podem te acompanhar o teu look do dia a dia at\u00e9 looks mais marcantes. A sua f\u00f3rmula de <em><strong>longa dura\u00e7\u00e3o<\/strong><\/em> mant\u00e9m a cor vibrante ao longo do dia.<\/p>\n<p>\ud83c\udfa8 Alta pigmenta\u00e7\u00e3o<br \/>\n\u2728 F\u00e1cil de esfumar e construir<br \/>\n\ud83d\udca8 Textura leve e sedosa<br \/>\n\u23f3 Longa dura\u00e7\u00e3o<\/p>\n<p><span dir=\"auto\" style=\"vertical-align: inherit;\"><span dir=\"auto\" style=\"vertical-align: inherit;\">Modo de uso: Aplique uma camada generosa de cor com um pincel de esfumar ou aplique com a ponta dos dedos.\u00a0<\/span><\/span><\/p>\n<p>&nbsp;<\/p>","protected":false},"excerpt":{"rendered":"<p>O Eyeshadow perfeita para real\u00e7ar o teu olhar com eleg\u00e2ncia.<\/p>","protected":false},"featured_media":1063,"comment_status":"open","ping_status":"closed","template":"","meta":[],"product_brand":[],"product_cat":[148],"product_tag":[],"class_list":{"0":"post-1066","1":"product","2":"type-product","3":"status-publish","4":"has-post-thumbnail","6":"product_cat-eyes","8":"first","9":"instock","10":"shipping-taxable","11":"purchasable","12":"product-type-variable"},"_links":{"self":[{"href":"https:\/\/louisegleambeauty.com\/en\/wp-json\/wp\/v2\/product\/1066","targetHints":{"allow":["GET"]}}],"collection":[{"href":"https:\/\/louisegleambeauty.com\/en\/wp-json\/wp\/v2\/product"}],"about":[{"href":"https:\/\/louisegleambeauty.com\/en\/wp-json\/wp\/v2\/types\/product"}],"replies":[{"embeddable":true,"href":"https:\/\/louisegleambeauty.com\/en\/wp-json\/wp\/v2\/comments?post=1066"}],"wp:featuredmedia":[{"embeddable":true,"href":"https:\/\/louisegleambeauty.com\/en\/wp-json\/wp\/v2\/media\/1063"}],"wp:attachment":[{"href":"https:\/\/louisegleambeauty.com\/en\/wp-json\/wp\/v2\/media?parent=1066"}],"wp:term":[{"taxonomy":"product_brand","embeddable":true,"href":"https:\/\/louisegleambeauty.com\/en\/wp-json\/wp\/v2\/product_brand?post=1066"},{"taxonomy":"product_cat","embeddable":true,"href":"https:\/\/louisegleambeauty.com\/en\/wp-json\/wp\/v2\/product_cat?post=1066"},{"taxonomy":"product_tag","embeddable":true,"href":"https:\/\/louisegleambeauty.com\/en\/wp-json\/wp\/v2\/product_tag?post=1066"}],"curies":[{"name":"wp","href":"https:\/\/api.w.org\/{rel}","templated":true}]}}