{"id":85,"date":"2026-03-23T16:38:10","date_gmt":"2026-03-23T16:38:10","guid":{"rendered":"https:\/\/louisegleambeauty.com\/?page_id=85"},"modified":"2026-04-14T14:53:04","modified_gmt":"2026-04-14T14:53:04","slug":"quem-somos","status":"publish","type":"page","link":"https:\/\/louisegleambeauty.com\/en\/quem-somos\/","title":{"rendered":""},"content":{"rendered":"\t\t<div data-elementor-type=\"wp-page\" data-elementor-id=\"85\" class=\"elementor elementor-85\" data-elementor-post-type=\"page\">\n\t\t\t\t<div class=\"elementor-element elementor-element-7b89d9d e-flex e-con-boxed e-con e-parent\" data-id=\"7b89d9d\" data-element_type=\"container\" data-e-type=\"container\">\n\t\t\t\t\t<div class=\"e-con-inner\">\n\t\t<div class=\"elementor-element elementor-element-7b42e11 e-con-full e-flex e-con e-child\" data-id=\"7b42e11\" data-element_type=\"container\" data-e-type=\"container\">\n\t\t\t\t<div class=\"elementor-element elementor-element-a8c467d elementor-widget elementor-widget-heading\" data-id=\"a8c467d\" data-element_type=\"widget\" data-e-type=\"widget\" data-widget_type=\"heading.default\">\n\t\t\t\t\t<p class=\"elementor-heading-title elementor-size-default\"><h2>Quem somos<\/h2>\n<p data-start=\"282\" data-end=\"511\">Acreditamos que a verdadeira beleza come\u00e7a de dentro.<br data-start=\"335\" data-end=\"338\">\nMais do que produtos, queremos despertar o brilho interior de cada mulher \u2014 aquele que muitas vezes se perde no meio da rotina, das inseguran\u00e7as e das press\u00f5es do dia a dia.<\/p>\n<p data-start=\"513\" data-end=\"633\">Esta marca nasce com um prop\u00f3sito: ajudar cada pessoa a reencontrar a sua ess\u00eancia, a sua confian\u00e7a e a sua luz pr\u00f3pria.<\/p>\n<p data-start=\"635\" data-end=\"862\">Eu sou Louise, e sempre senti que tenho uma miss\u00e3o \u2014 despertar o melhor nas pessoas. Nada me inspira mais do que ver a evolu\u00e7\u00e3o de algu\u00e9m, o momento em que volta a acreditar em si mesma e se reconhece com mais amor e seguran\u00e7a.<\/p>\n<p data-start=\"864\" data-end=\"1024\">Cada produto que escolhemos faz parte desse caminho. N\u00e3o \u00e9 apenas sobre beleza externa, mas sobre como voc\u00ea se sente \u2014 mais confiante, mais poderosa, mais voc\u00ea.<\/p>\nMais do que uma loja, este \u00e9 um espa\u00e7o de transforma\u00e7\u00e3o. Um convite para se reconectar consigo mesma e deixar o seu brilho natural falar mais alto.<\/p>\t\t\t\t<\/div>\n\t\t\t\t<\/div>\n\t\t<div class=\"elementor-element elementor-element-c122d67 e-con-full e-flex e-con e-child\" data-id=\"c122d67\" data-element_type=\"container\" data-e-type=\"container\">\n\t\t\t\t<div class=\"elementor-element elementor-element-909df18 animated-fast elementor-invisible elementor-widget elementor-widget-image\" data-id=\"909df18\" data-element_type=\"widget\" data-e-type=\"widget\" data-settings=\"{&quot;motion_fx_motion_fx_scrolling&quot;:&quot;yes&quot;,&quot;motion_fx_opacity_effect&quot;:&quot;yes&quot;,&quot;motion_fx_opacity_level&quot;:{&quot;unit&quot;:&quot;px&quot;,&quot;size&quot;:2.5,&quot;sizes&quot;:[]},&quot;motion_fx_range&quot;:&quot;viewport&quot;,&quot;_animation&quot;:&quot;fadeIn&quot;,&quot;motion_fx_opacity_direction&quot;:&quot;out-in&quot;,&quot;motion_fx_opacity_range&quot;:{&quot;unit&quot;:&quot;%&quot;,&quot;size&quot;:&quot;&quot;,&quot;sizes&quot;:{&quot;start&quot;:20,&quot;end&quot;:80}},&quot;motion_fx_devices&quot;:[&quot;desktop&quot;,&quot;tablet&quot;,&quot;mobile&quot;]}\" data-widget_type=\"image.default\">\n\t\t\t\t\t\t\t\t\t\t\t\t\t\t\t<img decoding=\"async\" src=\"https:\/\/louisegleambeauty.com\/wp-content\/uploads\/elementor\/thumbs\/ElegantWoman-1-e1776074386162-rlxx2aeohjmg5f9gmxp4i9lxvgsxhfvxnnn0a9giow.png\" title=\"YoungWoman\" alt=\"YoungWoman\" loading=\"lazy\" \/>\t\t\t\t\t\t\t\t\t\t\t\t\t\t\t<\/div>\n\t\t\t\t<\/div>\n\t\t\t\t\t<\/div>\n\t\t\t\t<\/div>\n\t\t<div class=\"elementor-element elementor-element-2b18a18 e-flex e-con-boxed e-con e-parent\" data-id=\"2b18a18\" data-element_type=\"container\" data-e-type=\"container\">\n\t\t\t\t\t<div class=\"e-con-inner\">\n\t\t<div class=\"elementor-element elementor-element-1afe67c e-con-full e-flex e-con e-child\" data-id=\"1afe67c\" data-element_type=\"container\" data-e-type=\"container\">\n\t\t\t\t<div class=\"elementor-element elementor-element-c2352e3 animated-fast elementor-invisible elementor-widget elementor-widget-image\" data-id=\"c2352e3\" data-element_type=\"widget\" data-e-type=\"widget\" data-settings=\"{&quot;motion_fx_motion_fx_scrolling&quot;:&quot;yes&quot;,&quot;motion_fx_opacity_effect&quot;:&quot;yes&quot;,&quot;motion_fx_opacity_level&quot;:{&quot;unit&quot;:&quot;px&quot;,&quot;size&quot;:2.5,&quot;sizes&quot;:[]},&quot;motion_fx_range&quot;:&quot;viewport&quot;,&quot;_animation&quot;:&quot;fadeIn&quot;,&quot;motion_fx_opacity_direction&quot;:&quot;out-in&quot;,&quot;motion_fx_opacity_range&quot;:{&quot;unit&quot;:&quot;%&quot;,&quot;size&quot;:&quot;&quot;,&quot;sizes&quot;:{&quot;start&quot;:20,&quot;end&quot;:80}},&quot;motion_fx_devices&quot;:[&quot;desktop&quot;,&quot;tablet&quot;,&quot;mobile&quot;]}\" data-widget_type=\"image.default\">\n\t\t\t\t\t\t\t\t\t\t\t\t\t\t\t<img fetchpriority=\"high\" decoding=\"async\" width=\"626\" height=\"530\" src=\"https:\/\/louisegleambeauty.com\/wp-content\/uploads\/2026\/04\/YoungWoman-1-e1776076912216.png\" class=\"attachment-1536x1536 size-1536x1536 wp-image-1202\" alt=\"\" srcset=\"https:\/\/louisegleambeauty.com\/wp-content\/uploads\/2026\/04\/YoungWoman-1-e1776076912216.png 626w, https:\/\/louisegleambeauty.com\/wp-content\/uploads\/2026\/04\/YoungWoman-1-e1776076912216-300x254.png 300w, https:\/\/louisegleambeauty.com\/wp-content\/uploads\/2026\/04\/YoungWoman-1-e1776076912216-600x508.png 600w\" sizes=\"(max-width: 626px) 100vw, 626px\" \/>\t\t\t\t\t\t\t\t\t\t\t\t\t\t\t<\/div>\n\t\t\t\t<\/div>\n\t\t<div class=\"elementor-element elementor-element-f4eec9f e-con-full e-flex e-con e-child\" data-id=\"f4eec9f\" data-element_type=\"container\" data-e-type=\"container\">\n\t\t\t\t<div class=\"elementor-element elementor-element-6f3473a elementor-widget elementor-widget-heading\" data-id=\"6f3473a\" data-element_type=\"widget\" data-e-type=\"widget\" data-widget_type=\"heading.default\">\n\t\t\t\t\t<p class=\"elementor-heading-title elementor-size-default\"><h2>A nossa hist\u00f3ria<\/h2>\n<p data-start=\"1232\" data-end=\"1557\">A nossa marca nasceu da paix\u00e3o pelo universo da beleza e do desejo de oferecer produtos que realmente fa\u00e7am diferen\u00e7a no dia a dia. Trabalhamos com produtos de beleza cuidadosamente selecionados, incluindo gloss labial, maquiagem moderna e cosm\u00e9ticos acess\u00edveis, sempre com foco na qualidade e na experi\u00eancia de cada cliente.<\/p>\n<p data-start=\"1559\" data-end=\"1797\">Sabemos que a maquiagem vai al\u00e9m da est\u00e9tica \u2014 ela \u00e9 uma ferramenta de express\u00e3o, autoestima e confian\u00e7a. Por isso, cada item da nossa loja \u00e9 escolhido com aten\u00e7\u00e3o aos detalhes, \u00e0s tend\u00eancias e \u00e0s necessidades reais das mulheres modernas.<\/p>\n<\/p>\t\t\t\t<\/div>\n\t\t\t\t<\/div>\n\t\t\t\t\t<\/div>\n\t\t\t\t<\/div>\n\t\t<div class=\"elementor-element elementor-element-12cb8c2 e-flex e-con-boxed e-con e-parent\" data-id=\"12cb8c2\" data-element_type=\"container\" data-e-type=\"container\">\n\t\t\t\t\t<div class=\"e-con-inner\">\n\t\t\t\t<div class=\"elementor-element elementor-element-18f74e9 elementor-widget elementor-widget-heading\" data-id=\"18f74e9\" data-element_type=\"widget\" data-e-type=\"widget\" data-widget_type=\"heading.default\">\n\t\t\t\t\t<h2 class=\"elementor-heading-title elementor-size-default\">Mais do Que Beleza<\/h2>\t\t\t\t<\/div>\n\t\t\t\t\t<\/div>\n\t\t\t\t<\/div>\n\t\t<div class=\"elementor-element elementor-element-7bb1e39 e-flex e-con-boxed e-con e-parent\" data-id=\"7bb1e39\" data-element_type=\"container\" data-e-type=\"container\">\n\t\t\t\t\t<div class=\"e-con-inner\">\n\t\t\t\t<div class=\"elementor-element elementor-element-0e7e9a8 elementor-widget elementor-widget-heading\" data-id=\"0e7e9a8\" data-element_type=\"widget\" data-e-type=\"widget\" data-widget_type=\"heading.default\">\n\t\t\t\t\t<p class=\"elementor-heading-title elementor-size-default\"><p data-start=\"2316\" data-end=\"2406\">Acreditamos que cada mulher tem um brilho \u00fanico \u2014 e o nosso objetivo \u00e9 ajudar a revel\u00e1-lo.<\/p>\n<p data-start=\"2408\" data-end=\"2529\">Aqui, n\u00e3o se trata apenas de comprar maquiagem. Trata-se de se sentir bem, confiante e conectada com a sua melhor vers\u00e3o.<\/p>\nObrigada por fazer parte desta jornada!<\/p>\t\t\t\t<\/div>\n\t\t\t\t\t<\/div>\n\t\t\t\t<\/div>\n\t\t\t\t<\/div>\n\t\t","protected":false},"excerpt":{"rendered":"<p>Quem somos Acreditamos que a verdadeira beleza come\u00e7a de dentro. Mais do que produtos, queremos despertar o brilho interior de cada mulher \u2014 aquele que muitas vezes se perde no meio da rotina, das inseguran\u00e7as e das press\u00f5es do dia a dia. Esta marca nasce com um prop\u00f3sito: ajudar cada pessoa a reencontrar a sua [&hellip;]<\/p>\n","protected":false},"author":1,"featured_media":0,"parent":0,"menu_order":0,"comment_status":"closed","ping_status":"closed","template":"","meta":{"footnotes":""},"class_list":["post-85","page","type-page","status-publish","hentry"],"_hostinger_reach_plugin_has_subscription_block":false,"_hostinger_reach_plugin_is_elementor":false,"_links":{"self":[{"href":"https:\/\/louisegleambeauty.com\/en\/wp-json\/wp\/v2\/pages\/85","targetHints":{"allow":["GET"]}}],"collection":[{"href":"https:\/\/louisegleambeauty.com\/en\/wp-json\/wp\/v2\/pages"}],"about":[{"href":"https:\/\/louisegleambeauty.com\/en\/wp-json\/wp\/v2\/types\/page"}],"author":[{"embeddable":true,"href":"https:\/\/louisegleambeauty.com\/en\/wp-json\/wp\/v2\/users\/1"}],"replies":[{"embeddable":true,"href":"https:\/\/louisegleambeauty.com\/en\/wp-json\/wp\/v2\/comments?post=85"}],"version-history":[{"count":41,"href":"https:\/\/louisegleambeauty.com\/en\/wp-json\/wp\/v2\/pages\/85\/revisions"}],"predecessor-version":[{"id":1233,"href":"https:\/\/louisegleambeauty.com\/en\/wp-json\/wp\/v2\/pages\/85\/revisions\/1233"}],"wp:attachment":[{"href":"https:\/\/louisegleambeauty.com\/en\/wp-json\/wp\/v2\/media?parent=85"}],"curies":[{"name":"wp","href":"https:\/\/api.w.org\/{rel}","templated":true}]}}