{"id":16,"date":"2026-03-20T12:25:25","date_gmt":"2026-03-20T12:25:25","guid":{"rendered":"https:\/\/louisegleambeauty.com\/minha-conta\/"},"modified":"2026-03-30T14:33:52","modified_gmt":"2026-03-30T14:33:52","slug":"minha-conta","status":"publish","type":"page","link":"https:\/\/louisegleambeauty.com\/en\/minha-conta\/","title":{"rendered":"A minha conta"},"content":{"rendered":"<div data-elementor-type=\"wp-page\" data-elementor-id=\"16\" class=\"elementor elementor-16\" data-elementor-post-type=\"page\">\n\t\t\t\t<div class=\"elementor-element elementor-element-cc05dbb e-flex e-con-boxed e-con e-parent\" data-id=\"cc05dbb\" data-element_type=\"container\" data-e-type=\"container\">\n\t\t\t\t\t<div class=\"e-con-inner\">\n\t\t\t\t<div class=\"elementor-element elementor-element-588001b e-my-account-tabs-horizontal elementor-widget elementor-widget-woocommerce-my-account\" data-id=\"588001b\" data-element_type=\"widget\" data-e-type=\"widget\" data-widget_type=\"woocommerce-my-account.default\">\n\t\t\t\t\t<div class=\"e-my-account-tab e-my-account-tab__\">\t\t\t<div class=\"woocommerce\"><\/div>\t\t<\/div>\n\t\t\t\t\t\t<\/div>\n\t\t\t\t\t<\/div>\n\t\t\t\t<\/div>\n\t\t\t\t<\/div>","protected":false},"excerpt":{"rendered":"<p>Dashboard Orders Downloads Addresses Account Details Logout Dashboard Orders Downloads Addresses Account Details Logout Ol\u00e1 louisecassimiro@hotmail.com (n\u00e3o \u00e9 louisecassimiro@hotmail.com? Sair) No painel da sua conta pode ver as encomendas mais recentes, gerir as moradas de envio e de factura\u00e7\u00e3o e editar os detalhes e a senha da conta.<\/p>","protected":false},"author":1,"featured_media":0,"parent":0,"menu_order":0,"comment_status":"closed","ping_status":"closed","template":"elementor_header_footer","meta":{"footnotes":""},"class_list":["post-16","page","type-page","status-publish","hentry"],"_hostinger_reach_plugin_has_subscription_block":false,"_hostinger_reach_plugin_is_elementor":false,"_links":{"self":[{"href":"https:\/\/louisegleambeauty.com\/en\/wp-json\/wp\/v2\/pages\/16","targetHints":{"allow":["GET"]}}],"collection":[{"href":"https:\/\/louisegleambeauty.com\/en\/wp-json\/wp\/v2\/pages"}],"about":[{"href":"https:\/\/louisegleambeauty.com\/en\/wp-json\/wp\/v2\/types\/page"}],"author":[{"embeddable":true,"href":"https:\/\/louisegleambeauty.com\/en\/wp-json\/wp\/v2\/users\/1"}],"replies":[{"embeddable":true,"href":"https:\/\/louisegleambeauty.com\/en\/wp-json\/wp\/v2\/comments?post=16"}],"version-history":[{"count":12,"href":"https:\/\/louisegleambeauty.com\/en\/wp-json\/wp\/v2\/pages\/16\/revisions"}],"predecessor-version":[{"id":479,"href":"https:\/\/louisegleambeauty.com\/en\/wp-json\/wp\/v2\/pages\/16\/revisions\/479"}],"wp:attachment":[{"href":"https:\/\/louisegleambeauty.com\/en\/wp-json\/wp\/v2\/media?parent=16"}],"curies":[{"name":"wp","href":"https:\/\/api.w.org\/{rel}","templated":true}]}}